{"id":11101,"date":"2025-04-14T13:23:49","date_gmt":"2025-04-14T13:23:49","guid":{"rendered":"https:\/\/generationsrecruitment.com\/?page_id=11101"},"modified":"2025-04-14T13:34:15","modified_gmt":"2025-04-14T13:34:15","slug":"politique-de-confidentialite","status":"publish","type":"page","link":"https:\/\/generationsrecruitment.com\/fr\/politique-de-confidentialite\/","title":{"rendered":"Politique de confidentialit\u00e9"},"content":{"rendered":"<p>[et_pb_section fb_built=&#8221;1&#8243; module_id=&#8221;contact&#8221; _builder_version=&#8221;4.16&#8243; background_color=&#8221;#fcfcfc&#8221; custom_padding=&#8221;||0px|||&#8221; global_colors_info=&#8221;{}&#8221;][et_pb_row _builder_version=&#8221;4.16&#8243; global_colors_info=&#8221;{}&#8221;][et_pb_column type=&#8221;4_4&#8243; _builder_version=&#8221;4.16&#8243; custom_padding=&#8221;|||&#8221; global_colors_info=&#8221;{}&#8221; custom_padding__hover=&#8221;|||&#8221;][et_pb_text _builder_version=&#8221;4.16&#8243; text_font=&#8221;||||||||&#8221; header_font=&#8221;||||||||&#8221; header_2_font=&#8221;||||||||&#8221; header_3_font=&#8221;Poppins|600|||||||&#8221; header_3_text_color=&#8221;#242A37&#8243; header_3_font_size=&#8221;39px&#8221; custom_margin=&#8221;||0px&#8221; global_colors_info=&#8221;{}&#8221;]<\/p>\n<h3 style=\"text-align: center;\">Politique de confidentialit\u00e9<\/h3>\n<p>[\/et_pb_text][et_pb_divider color=&#8221;#2B87DA&#8221; divider_position=&#8221;center&#8221; divider_weight=&#8221;4px&#8221; _builder_version=&#8221;4.16&#8243; width=&#8221;4%&#8221; module_alignment=&#8221;center&#8221; global_colors_info=&#8221;{}&#8221;][\/et_pb_divider][\/et_pb_column][\/et_pb_row][et_pb_row _builder_version=&#8221;4.16&#8243; custom_padding=&#8221;0px|||||&#8221; global_colors_info=&#8221;{}&#8221;][et_pb_column type=&#8221;4_4&#8243; _builder_version=&#8221;4.16&#8243; global_colors_info=&#8221;{}&#8221;][et_pb_text _builder_version=&#8221;4.27.0&#8243; text_font=&#8221;Roboto|300|||||||&#8221; text_font_size=&#8221;17px&#8221; header_line_height=&#8221;1.1em&#8221; header_4_font=&#8221;Poppins|600|||||||&#8221; header_4_line_height=&#8221;1.4em&#8221; custom_margin=&#8221;23px|||||&#8221; custom_padding=&#8221;||1px|||&#8221; hover_enabled=&#8221;0&#8243; global_colors_info=&#8221;{}&#8221; sticky_enabled=&#8221;0&#8243;]<\/p>\n<p class=\"\u00ab\" p3=\"\"><b>Qui sommes-nous ?<\/b><\/p>\n<p class=\"\u00ab\" p1=\"\">Au sein de Generations Recruitment, nous avons une mission : \u00ab Ancrer le d\u00e9veloppement des personnes en offrant une solution de recrutement durable.<\/p>\n<p class=\"\u00ab\" p1=\"\">Qu&#8217;est-ce que cela signifie pour vous ? Que vous soyez dans un mode de recherche d&#8217;emploi actif ou passif, ou une organisation cherchant \u00e0 recruter de nouveaux membres d&#8217;\u00e9quipe, G.R visera toujours \u00e0 vous pr\u00e9senter des solutions significatives dans notre cadre de sp\u00e9cialisation \u00ab Sales &amp; ; Marketing \u00bb.<\/p>\n<p>Pour les candidats, nous vous pr\u00e9senterons des emplois qui, en outre, vous permettront d&#8217;atteindre vos objectifs de d\u00e9veloppement.<\/p>\n<p class=\"\u00ab\" p1=\"\">Pour les candidats, nous vous pr\u00e9senterons des postes qui vous permettront d&#8217;ancrer vos atouts passionnants et d&#8217;en construire de nouveaux, afin d&#8217;atteindre vos objectifs de carri\u00e8re. Notre offre durable repose sur notre m\u00e9thode unique appel\u00e9e \u00ab Aspirational Approach \u00bb. Nous envisageons notre relation de travail avec nos candidats sur le long terme. Nous ne pourrons peut-\u00eatre jamais les mettre en contact avec l&#8217;un de nos clients, mais nous gardons toujours la porte ouverte pour les aider \u00e0 r\u00e9pondre \u00e0 toutes les questions qu&#8217;ils pourraient avoir sur leur d\u00e9veloppement de carri\u00e8re.<\/p>\n<p class=\"\u00ab\" p1=\"\">En ce qui concerne les clients, nous nous effor\u00e7ons de ne vous envoyer que des candidatures pertinentes qui r\u00e9pondent \u00e0 un besoin imm\u00e9diat ou qui correspondent \u00e0 la culture et aux exigences de votre entreprise.<\/p>\n<p class=\"\u00ab\" p2=\"\">Notre objectif est de traiter vos donn\u00e9es \u00e0 caract\u00e8re personnel de mani\u00e8re l\u00e9gale, appropri\u00e9e et transparente. Dans cette d\u00e9claration de confidentialit\u00e9, nous expliquons (i) quelles sont les donn\u00e9es personnelles que nous collectons aupr\u00e8s de vous en tant que personne physique, (ii) la mani\u00e8re dont GR utilise et traite ces donn\u00e9es personnelles, ainsi que (iii) vos droits en mati\u00e8re de protection de la vie priv\u00e9e et la mani\u00e8re dont vous pouvez les exercer.<br \/>Cette d\u00e9claration de confidentialit\u00e9 s&#8217;applique (i) \u00e0 notre site web <a href=\"\u00ab\" https:=\"\" www=\"\" generationsrecruitment=\"\" com=\"\"><span class=\"\u00ab\" s1=\"\">www.generationsrecruitment.com<\/span><\/a>(ii) \u00e0 toutes les relations (commerciales) entre Generations Recruitment et ses clients, prospects et partenaires commerciaux.<\/p>\n<p class=\"\u00ab\" p2=\"\">Notre politique de confidentialit\u00e9, que nous pouvons modifier \u00e0 tout moment, et nos r\u00e8gles de confidentialit\u00e9 sp\u00e9cifiques dans les accords avec vous ou des tiers sont conformes au r\u00e8glement GDPR. Veuillez toujours v\u00e9rifier la derni\u00e8re version de notre politique de confidentialit\u00e9 sur notre site web. Tous nos services sont soumis \u00e0 notre politique de confidentialit\u00e9. En concluant un accord avec nous, vous acceptez notre politique de confidentialit\u00e9.<\/p>\n<p class=\"\u00ab\" p3=\"\"><span class=\"\u00ab\" s1=\"\"><b>Comment nous contacter ?<\/b><\/span><\/p>\n<p class=\"\u00ab\" p1=\"\">Si vous avez des questions sur cette d\u00e9claration de confidentialit\u00e9 ou sur la mani\u00e8re dont Generations Recruitment collecte, utilise ou traite vos donn\u00e9es personnelles, veuillez nous contacter par e-mail : <span class=\"\u00ab\" s1=\"\"><a href=\"\u00ab\" mailto:privacy=\"\" generationsrecruitment=\"\" com=\"\">privacy@generationsrecruitment.com<\/a><\/span><\/p>\n<p class=\"\u00ab\" p3=\"\"><span class=\"\u00ab\" s1=\"\"><b>Quelles sont vos donn\u00e9es personnelles que nous collectons ?<\/b><\/span><\/p>\n<ul>\n<ul>\n<li>Donn\u00e9es d&#8217;identification personnelle (pr\u00e9nom, nom, num\u00e9ro de t\u00e9l\u00e9phone, adresse (de l&#8217;entreprise), adresse \u00e9lectronique,&#8230;)<\/li>\n<li>Donn\u00e9es personnelles (sexe, formation,&#8230;)<\/li>\n<li>Donn\u00e9es personnelles et exp\u00e9rience professionnelle suite au t\u00e9l\u00e9chargement d&#8217;un document (t\u00e9l\u00e9chargement de CV)<\/li>\n<li>Donn\u00e9es collect\u00e9es par l&#8217;utilisation des m\u00e9dias (mobiles, m\u00e9dias sociaux, chatbot,&#8230;)<\/li>\n<li>Int\u00e9r\u00eats pour nos offres \u00e0 travers le t\u00e9l\u00e9chargement de contenus mis \u00e0 disposition sur nos m\u00e9dias (site web, chatbot,&#8230;)<\/li>\n<li>Informations fournies via des formulaires (bo\u00eete de message sur la page de contact, formulaire de t\u00e9l\u00e9chargement, comment pouvons-nous vous aider, commentaires,&#8230;<\/li>\n<li>Les donn\u00e9es d&#8217;identification \u00e9lectronique (adresse IP, cookies, connexions,&#8230;) : Generations Recruitment collecte automatiquement des informations concernant votre utilisation du site web. Ainsi, Generations Recruitment enregistre automatiquement les pages web que vous avez consult\u00e9es sur notre site, le navigateur web que vous utilisez, le site web que vous avez visit\u00e9 et par lequel vous avez acc\u00e9d\u00e9 \u00e0 notre site web, ainsi que votre adresse IP. Cela permet \u00e0 Generations Recruitment d&#8217;\u00e9tablir des statistiques concernant l&#8217;utilisation du site web et d&#8217;envoyer des communications plus cibl\u00e9es. Generations Recruitment recueille \u00e9galement des informations par le biais de cookies : la description peut \u00eatre trouv\u00e9e sur <a href=\"\u00ab\" https:=\"\" www=\"\" generationsrecruitment=\"\" com=\"\" cookie-policy=\"\"><span class=\"\u00ab\" s1=\"\">https:\/\/www.generationsrecruitment.com\/cookie-policy\/<\/span><\/a><\/li>\n<\/ul>\n<\/ul>\n<p class=\"\u00ab\" p3=\"\"><span class=\"\u00ab\" s1=\"\"><b>Comment collectons-nous vos donn\u00e9es personnelles ?<\/b><\/span><\/p>\n<p class=\"\u00ab\" p1=\"\">Nous collectons des donn\u00e9es personnelles de diff\u00e9rentes mani\u00e8res et \u00e0 diff\u00e9rentes occasions, par exemple :<\/p>\n<ul class=\"\u00ab\" ul1=\"\">\n<ul class=\"\u00ab\" ul1=\"\">\n<li class=\"\u00ab\" li1=\"\">Inscription \u00e0 la newsletter<\/li>\n<li class=\"\u00ab\" li1=\"\">Inscription aux \u00e9v\u00e9nements<\/li>\n<li class=\"\u00ab\" li1=\"\">En visitant le site web<\/li>\n<li class=\"\u00ab\" li1=\"\">Remplir les formulaires du site web<\/li>\n<li class=\"\u00ab\" li1=\"\">Correspondance entrante et sortante avec Generations Recruitment via nos canaux en ligne (emails, m\u00e9dias sociaux, site web, chatbot, &#8230;)<\/li>\n<li class=\"\u00ab\" li1=\"\">Lors d&#8217;appels t\u00e9l\u00e9phoniques<\/li>\n<li class=\"\u00ab\" li1=\"\">Lors d&#8217;une r\u00e9union<\/li>\n<li class=\"\u00ab\" li1=\"\">L&#8217;\u00e9change avec des tiers en tant que boucle de r\u00e9troaction au cours d&#8217;un processus de recrutement<\/li>\n<li class=\"\u00ab\" li1=\"\">L&#8217;\u00e9change de cartes de visite<\/li>\n<\/ul>\n<\/ul>\n<p class=\"\u00ab\" p3=\"\"><span class=\"\u00ab\" s1=\"\"><b>Comment utilisons-nous et traitons-nous vos donn\u00e9es \u00e0 caract\u00e8re personnel?<\/b><\/span><\/p>\n<p class=\"\u00ab\" p1=\"\">Nous pouvons traiter toutes les cat\u00e9gories de donn\u00e9es \u00e0 caract\u00e8re personnel afin de nous conformer aux exigences l\u00e9gales et r\u00e9glementaires.<\/p>\n<ul class=\"\u00ab\" ul1=\"\">\n<ul class=\"\u00ab\" ul1=\"\">\n<li class=\"\u00ab\" li2=\"\">Pour toutes les donn\u00e9es personnelles relatives \u00e0 nos clients et sous-traitants, nous agissons conform\u00e9ment \u00e0 notre int\u00e9r\u00eat l\u00e9gitime et \u00e0 nos relations contractuelles. Dans ce cas, nous traitons les donn\u00e9es \u00e0 caract\u00e8re personnel pour L&#8217;envoi de marketing et de publicit\u00e9 cibl\u00e9s, de mises \u00e0 jour sur le d\u00e9veloppement de l&#8217;entreprise, la r\u00e9alisation d&#8217;\u00e9tudes de satisfaction des candidats, d&#8217;enqu\u00eates et d&#8217;\u00e9tudes de march\u00e9.<\/li>\n<li class=\"\u00ab\" li2=\"\">Ex\u00e9cuter nos contrats en bonne et due forme (administration, \u00e9mission de factures, collecte de paiements)<\/li>\n<li class=\"\u00ab\" li2=\"\">Vous pouvez v\u00e9rifier ci-dessous, pour chaque situation, pourquoi Generations Recruitment demande ces donn\u00e9es personnelles et \u00e0 quelles fins elles seront utilis\u00e9es.<\/li>\n<li class=\"\u00ab\" li2=\"\">Vous pouvez v\u00e9rifier ci-dessous, pour chaque situation, pourquoi Generations Recruitment demande ces donn\u00e9es personnelles et \u00e0 quelles fins elles seront utilis\u00e9es.<\/li>\n<\/ul>\n<\/ul>\n<p class=\"\u00ab\" p1=\"\"><strong>Vos donn\u00e9es seront utilis\u00e9es aux fins suivantes, le cas \u00e9ch\u00e9ant<\/strong><\/p>\n<p class=\"\u00ab\" p1=\"\"><strong><i>Pour les personnes de contact chez les clients ou les prospects lors d&#8217;un premier contact ou d&#8217;un contact ult\u00e9rieur avec Generations Recruitment<\/i>: <\/strong><\/p>\n<p class=\"\u00ab\" p1=\"\">Votre identit\u00e9 et vos coordonn\u00e9es, y compris toutes les autres informations pertinentes n\u00e9cessaires pour pouvoir offrir nos services et\/ou conclure et ex\u00e9cuter correctement l&#8217;accord que vous concluez avec nous.<\/p>\n<p><strong><i>Pour les fournisseurs de services et\/ou de biens : <\/i><\/strong><\/p>\n<p>Votre identit\u00e9 et vos coordonn\u00e9es, y compris toutes les autres informations pertinentes permettant de v\u00e9rifier votre offre, de conclure et d&#8217;ex\u00e9cuter correctement l&#8217;accord que nous concluons avec vous.<\/p>\n<p class=\"\u00ab\" p2=\"\">Votre identit\u00e9 et vos coordonn\u00e9es, y compris toutes les autres informations pertinentes permettant de v\u00e9rifier votre offre, de conclure et d&#8217;ex\u00e9cuter correctement l&#8217;accord que nous concluons avec vous.<\/p>\n<p class=\"\u00ab\" p2=\"\"><strong><i>Pour le candidat :<\/i><\/strong><\/p>\n<p class=\"\u00ab\" p2=\"\">Votre identit\u00e9 et vos coordonn\u00e9es, y compris toute autre information pertinente dans le but de trouver la meilleure ad\u00e9quation possible entre les besoins du client et le profil du candidat. Cela inclut votre curriculum vitae, toute lettre de motivation et les notes prises lors de l&#8217;entretien de pr\u00e9sentation ainsi que les formulaires d&#8217;\u00e9valuation sont trait\u00e9s.<\/p>\n<p class=\"\u00ab\" p2=\"\"><strong><i>Pour les employ\u00e9s \/ candidats employ\u00e9s:<\/i><\/strong><\/p>\n<p class=\"\u00ab\" p2=\"\">Votre identit\u00e9 et vos coordonn\u00e9es, y compris toutes les autres informations pertinentes afin de voir si nous avons une opportunit\u00e9 d&#8217;emploi pour vous dans notre entreprise, de conclure et d&#8217;ex\u00e9cuter un contrat de travail que nous concluons avec vous de mani\u00e8re correcte.<\/p>\n<p class=\"\u00ab\" p2=\"\"><strong><i>A des fins de marketing direct (c&#8217;est-\u00e0-dire des bulletins d&#8217;information) :<\/i><\/strong><\/p>\n<p class=\"\u00ab\" p2=\"\">les informations susmentionn\u00e9es, apr\u00e8s votre consentement explicite (opt-in)<\/p>\n<p class=\"\u00ab\" p2=\"\"><strong><i>Autres :<\/i><\/strong><\/p>\n<p class=\"\u00ab\" p2=\"\">Si vous nous contactez, votre identit\u00e9 et vos coordonn\u00e9es, y compris toute autre information pertinente aux fins de notre communication.<\/p>\n<p class=\"\u00ab\" p2=\"\">Nous collectons et traitons \u00e9galement des donn\u00e9es afin de remplir les obligations l\u00e9gales auxquelles nous sommes soumis ou de poursuivre nos int\u00e9r\u00eats l\u00e9gitimes dans les limites du GDPR.<\/p>\n<p class=\"\u00ab\" p2=\"\">En concluant un accord avec nous ou en postulant \u00e0 une offre d&#8217;emploi, nous vous demanderons de consentir au traitement de vos donn\u00e9es personnelles conform\u00e9ment \u00e0 notre politique de confidentialit\u00e9. Cela inclut toute mise \u00e0 jour de vos donn\u00e9es personnelles.<\/p>\n<p class=\"\u00ab\" p2=\"\">Les donn\u00e9es \u00e0 caract\u00e8re personnel collect\u00e9es sont trait\u00e9es de mani\u00e8re administrative et responsable.<\/p>\n<p class=\"\u00ab\" p2=\"\">Si vous ne souhaitez pas que vos donn\u00e9es personnelles soient trait\u00e9es, il n&#8217;est pas possible d&#8217;ex\u00e9cuter les services pour lesquels vous \u00eates contractuellement li\u00e9s.<\/p>\n<p class=\"\u00ab\" p2=\"\">G\u00e9n\u00e9rations Recrutement ne vendra jamais vos donn\u00e9es personnelles \u00e0 des tiers. Nous ne louons ni ne vendons vos donn\u00e9es \u00e0 des tiers pour leur propre usage, \u00e0 moins que vous ne choisissiez de le faire vous-m\u00eame et que vous donniez votre accord.<\/p>\n<p class=\"\u00ab\" p3=\"\"><span class=\"\u00ab\" s1=\"\"><b>Pendant combien de temps conservons-nous vos donn\u00e9es personnelles ?<\/b><\/span><\/p>\n<p class=\"\u00ab\" p1=\"\">Sauf si une p\u00e9riode de conservation plus longue est requise ou justifi\u00e9e (i) par la loi ou (ii) par le respect d&#8217;une autre obligation l\u00e9gale, Generations Recruitment ne conservera vos donn\u00e9es personnelles que pendant la p\u00e9riode n\u00e9cessaire pour atteindre et r\u00e9aliser l&#8217;objectif en question. D\u00e8s que cette finalit\u00e9 n&#8217;existe plus, nous supprimons les donn\u00e9es.<\/p>\n<p class=\"\u00ab\" p2=\"\">Vos donn\u00e9es personnelles seront conserv\u00e9es aussi longtemps que n\u00e9cessaire pour les services que nous vous fournissons ou que vous nous fournissez. Les donn\u00e9es \u00e0 caract\u00e8re personnel des clients potentiels, des candidats ou des employ\u00e9s seront conserv\u00e9es aussi longtemps qu&#8217;elles seront jug\u00e9es pertinentes pour offrir nos services ou pour r\u00e9pondre \u00e0 une demande d&#8217;emploi.<\/p>\n<p class=\"\u00ab\" p3=\"\"><span class=\"\u00ab\" s1=\"\"><b>O\u00f9 transf\u00e9rons-nous vos donn\u00e9es \u00e0 caract\u00e8re personnel ? (tiers)<\/b><\/span><\/p>\n<p>Les donn\u00e9es \u00e0 caract\u00e8re personnel vous concernant sont utilis\u00e9es en interne.<\/p>\n<p class=\"\u00ab\" p1=\"\">Vos donn\u00e9es personnelles sont utilis\u00e9es en interne et ne seront pas partag\u00e9es avec des tiers \u00e0 des fins commerciales, sauf si vous avez donn\u00e9 votre consentement explicite \u00e0 Generations Recruitment. Cependant, pour garantir une exp\u00e9rience optimale, les donn\u00e9es personnelles peuvent \u00eatre partag\u00e9es avec :<\/p>\n<ul class=\"\u00ab\" ul1=\"\">\n<ul class=\"\u00ab\" ul1=\"\">\n<li class=\"\u00ab\" li2=\"\">A nos successeurs et autres soci\u00e9t\u00e9s affili\u00e9es actuelles ou futures de Generations Recruitment pour les m\u00eames raisons et aux m\u00eames fins que celles mentionn\u00e9es ci-dessus<\/li>\n<li class=\"\u00ab\" li2=\"\">Lorsque cela est n\u00e9cessaire \u00e0 l&#8217;ex\u00e9cution de nos services pour les m\u00eames raisons et aux m\u00eames fins que celles mentionn\u00e9es ci-dessus<\/li>\n<li class=\"\u00ab\" li2=\"\">Pour l&#8217;administration des salaires ou des imp\u00f4ts<\/li>\n<li class=\"\u00ab\" li2=\"\">Lorsque cela est n\u00e9cessaire \u00e0 l&#8217;ex\u00e9cution d&#8217;un contrat auquel vous \u00eates partie<\/li>\n<\/ul>\n<\/ul>\n<p class=\"\u00ab\" p3=\"\"><strong><i>Pour le candidat : <\/i><\/strong><\/p>\n<p class=\"\u00ab\" p3=\"\">Certaines des donn\u00e9es \u00e0 caract\u00e8re personnel que nous traitons peuvent \u00eatre transmises \u00e0 des tiers. Il s&#8217;agit des donn\u00e9es suivantes:<\/p>\n<ul class=\"\u00ab\" ul1=\"\">\n<ul class=\"\u00ab\" ul1=\"\">\n<li class=\"\u00ab\" li2=\"\">Votre CV type GR (pr\u00e9nom + nom + exp\u00e9rience + notes d&#8217;entretien + profil GR Aspirational le cas \u00e9ch\u00e9ant) c&#8217;est-\u00e0-dire lorsque nous &#8211; apr\u00e8s votre approbation &#8211; envoyons votre profil \u00e0 notre client<\/li>\n<li class=\"\u00ab\" li2=\"\">Lorsque Generations Recruitment a conclu un accord contractuel avec vous dans le cadre d&#8217;une mission d&#8217;int\u00e9rim ou de gestion de projet que vous exercerez aupr\u00e8s de l&#8217;un de nos clients : vos nom et pr\u00e9nom, votre date de naissance, votre num\u00e9ro de t\u00e9l\u00e9phone, votre adresse \u00e9lectronique et toute autre information pertinente.<\/li>\n<\/ul>\n<\/ul>\n<p class=\"\u00ab\" p3=\"\"><span class=\"\u00ab\" s1=\"\"><b>Quels sont vos droits en mati\u00e8re de protection de la vie priv\u00e9e et comment pouvez-vous les exercer?<\/b><\/span><\/p>\n<p class=\"\u00ab\" p1=\"\">Nous maintenons un niveau \u00e9lev\u00e9 de transparence sur les donn\u00e9es que nous utilisons. Vous avez le droit (dans les circonstances et les conditions, et sous r\u00e9serve des exceptions, \u00e9nonc\u00e9es dans la loi applicable) de :<\/p>\n<p text-align=\"\" :=\"\" justify=\"\">Se rendre \u00e0 l&#8217;\u00e9vidence : vous avez le droit de vous rendre \u00e0 l&#8217;\u00e9vidence.<\/p>\n<ul class=\"\u00ab\" ul1=\"\">\n<li class=\"\u00ab\" li2=\"\">Demander l&#8217;acc\u00e8s aux donn\u00e9es \u00e0 caract\u00e8re personnel que nous traitons \u00e0 votre sujet : ce droit vous permet de savoir si nous d\u00e9tenons des donn\u00e9es \u00e0 caract\u00e8re personnel vous concernant et, le cas \u00e9ch\u00e9ant, d&#8217;obtenir des informations sur ces donn\u00e9es \u00e0 caract\u00e8re personnel ainsi qu&#8217;une copie de celles-ci.<\/li>\n<li class=\"\u00ab\" li2=\"\">Demander la rectification de vos donn\u00e9es \u00e0 caract\u00e8re personnel : ce droit vous permet de faire rectifier vos donn\u00e9es \u00e0 caract\u00e8re personnel si elles sont inexactes ou incompl\u00e8tes.<\/li>\n<li class=\"\u00ab\" li2=\"\">S&#8217;opposer au traitement de vos donn\u00e9es \u00e0 caract\u00e8re personnel : ce droit vous permet de demander \u00e0 Generations Recruitment de ne plus traiter vos donn\u00e9es \u00e0 caract\u00e8re personnel.<\/li>\n<li class=\"\u00ab\" li2=\"\">Demander l&#8217;effacement de vos donn\u00e9es \u00e0 caract\u00e8re personnel : ce droit vous permet de demander l&#8217;effacement de vos donn\u00e9es \u00e0 caract\u00e8re personnel, y compris lorsque ces donn\u00e9es \u00e0 caract\u00e8re personnel ne sont plus n\u00e9cessaires pour atteindre les objectifs fix\u00e9s.<\/li>\n<li class=\"\u00ab\" li2=\"\">Demander la restriction du traitement de vos donn\u00e9es personnelles : ce droit vous permet de demander que Generations Recruitment ne traite vos donn\u00e9es personnelles que dans des circonstances limit\u00e9es, y compris avec votre consentement.<\/li>\n<li class=\"\u00ab\" li2=\"\">Demander la portabilit\u00e9 de vos donn\u00e9es personnelles : ce droit vous permet de recevoir une copie (dans un format structur\u00e9, couramment utilis\u00e9 et lisible par machine) des donn\u00e9es personnelles que vous avez fournies \u00e0 Generations Recruitment, ou de nous demander de transmettre ces donn\u00e9es personnelles \u00e0 un autre responsable du traitement.<\/li>\n<\/ul>\n<p class=\"\u00ab\" p1=\"\">Dans la mesure o\u00f9 le traitement de vos donn\u00e9es personnelles est bas\u00e9 sur votre consentement, vous avez le droit de retirer ce consentement \u00e0 tout moment, soit en cliquant sur le lien de d\u00e9sinscription que vous trouverez dans notre communication par courrier \u00e9lectronique, soit en adressant votre demande \u00e0 <a href=\"\u00ab\" mailto:privacy=\"\" generationsrecruitment=\"\" com=\"\">privacy@generationsrecruitment.com<\/a>. Veuillez noter que cela n&#8217;affectera pas notre droit de traiter les donn\u00e9es \u00e0 caract\u00e8re personnel obtenues avant le retrait de votre consentement, ni notre droit de poursuivre certaines parties du traitement sur la base d&#8217;autres fondements juridiques que votre consentement.<\/p>\n<p text-align=\"\" :=\"\" justify=\"\">L&#8217;exercice de votre droit d&#8217;acc\u00e8s aux donn\u00e9es \u00e0 caract\u00e8re personnel n&#8217;est pas obligatoire.<\/p>\n<p class=\"\u00ab\" p1=\"\">Lorsque vous souhaitez exercer l&#8217;un de vos droits, vous pouvez nous contacter \u00e0 l&#8217;adresse <a href=\"\u00ab\" mailto:privacy=\"\" generationsrecruitment=\"\" com=\"\"><span class=\"\u00ab\" s1=\"\">privacy@generationsrecruitment.com<\/span><\/a> , qui est votre principal point de contact pour les questions relatives \u00e0 la protection de la vie priv\u00e9e. Nous pouvons facturer des frais administratifs si une demande est manifestement infond\u00e9e ou excessive, notamment en raison de son caract\u00e8re r\u00e9p\u00e9titif. Generations Recruitment r\u00e9pondra de mani\u00e8re appropri\u00e9e \u00e0 votre demande dans un d\u00e9lai d&#8217;un mois \u00e0 compter de la date de r\u00e9ception de votre demande.<br \/>Generations Recruitment devra v\u00e9rifier votre identit\u00e9 de la mani\u00e8re la plus d\u00e9taill\u00e9e possible, au cas o\u00f9 quelqu&#8217;un d&#8217;autre tenterait d&#8217;exercer vos droits. Il se peut donc que l&#8217;on vous demande de fournir des informations suppl\u00e9mentaires pour confirmer votre identit\u00e9 lorsque vous faites une telle demande.<\/p>\n<p class=\"\u00ab\" p3=\"\"><span class=\"\u00ab\" s1=\"\"><b>Comment pouvez-vous d\u00e9poser une plainte ?<\/b><\/span><\/p>\n<p class=\"\u00ab\" p2=\"\">Si vous estimez que la d\u00e9claration de confidentialit\u00e9 n&#8217;est pas respect\u00e9e telle qu&#8217;elle est d\u00e9crite, n&#8217;h\u00e9sitez pas \u00e0 nous contacter via <span class=\"\u00ab\" s1=\"\">privacy@generationsrecruitment.com<\/span>. Nous nous ferons un plaisir d&#8217;examiner la question.<br \/>Si vous n&#8217;\u00eates pas satisfait de la mani\u00e8re dont nous avons r\u00e9pondu \u00e0 vos pr\u00e9occupations, vous avez le droit de d\u00e9poser une plainte aupr\u00e8s de l&#8217;autorit\u00e9 de contr\u00f4le (<a href=\"\u00ab\" http:=\"\" www=\"\" privacycommission=\"\" be=\"\" 22=\"\" 20=\"\" 5ct=\"\" 22_blank=\"\"><span class=\"\u00ab\" s2=\"\">www.privacycommission.be<\/span><\/a><span class=\"\u00ab\" s1=\"\">).<\/span><\/p>\n<p>[\/et_pb_text][\/et_pb_column][\/et_pb_row][\/et_pb_section]<\/p>\n","protected":false},"excerpt":{"rendered":"<p>Politique de confidentialit\u00e9Qui sommes-nous ? Au sein de Generations Recruitment, nous avons une mission : \u00ab Ancrer le d\u00e9veloppement des personnes en offrant une solution de recrutement durable. Qu&#8217;est-ce que cela signifie pour vous ? Que vous soyez dans un mode de recherche d&#8217;emploi actif ou passif, ou une organisation cherchant \u00e0 recruter de nouveaux membres d&#8217;\u00e9quipe, G.R visera toujours \u00e0 vous pr\u00e9senter des solutions significatives dans notre cadre de sp\u00e9cialisation \u00ab Sales &amp; ; Marketing \u00bb. Pour les candidats, nous vous pr\u00e9senterons des emplois qui, en outre, vous permettront d&#8217;atteindre vos objectifs de d\u00e9veloppement. Pour les candidats, nous vous pr\u00e9senterons des postes qui vous permettront d&#8217;ancrer vos atouts passionnants et d&#8217;en construire de nouveaux, afin d&#8217;atteindre vos objectifs de carri\u00e8re. Notre offre durable repose sur notre m\u00e9thode unique appel\u00e9e \u00ab Aspirational Approach \u00bb. Nous envisageons notre relation de travail avec nos candidats sur le long terme. Nous ne pourrons peut-\u00eatre jamais les mettre en contact avec l&#8217;un de nos clients, mais nous gardons toujours la porte ouverte pour les aider \u00e0 r\u00e9pondre \u00e0 toutes les questions qu&#8217;ils pourraient avoir sur leur d\u00e9veloppement de carri\u00e8re. En ce qui concerne les clients, nous nous effor\u00e7ons de ne vous envoyer que des [&hellip;]<\/p>\n","protected":false},"author":1,"featured_media":0,"parent":0,"menu_order":11,"comment_status":"closed","ping_status":"open","template":"","meta":{"_et_pb_use_builder":"on","_et_pb_old_content":"","_et_gb_content_width":"","footnotes":""},"class_list":["post-11101","page","type-page","status-publish","hentry"],"_links":{"self":[{"href":"https:\/\/generationsrecruitment.com\/fr\/wp-json\/wp\/v2\/pages\/11101","targetHints":{"allow":["GET"]}}],"collection":[{"href":"https:\/\/generationsrecruitment.com\/fr\/wp-json\/wp\/v2\/pages"}],"about":[{"href":"https:\/\/generationsrecruitment.com\/fr\/wp-json\/wp\/v2\/types\/page"}],"author":[{"embeddable":true,"href":"https:\/\/generationsrecruitment.com\/fr\/wp-json\/wp\/v2\/users\/1"}],"replies":[{"embeddable":true,"href":"https:\/\/generationsrecruitment.com\/fr\/wp-json\/wp\/v2\/comments?post=11101"}],"version-history":[{"count":3,"href":"https:\/\/generationsrecruitment.com\/fr\/wp-json\/wp\/v2\/pages\/11101\/revisions"}],"predecessor-version":[{"id":11107,"href":"https:\/\/generationsrecruitment.com\/fr\/wp-json\/wp\/v2\/pages\/11101\/revisions\/11107"}],"wp:attachment":[{"href":"https:\/\/generationsrecruitment.com\/fr\/wp-json\/wp\/v2\/media?parent=11101"}],"curies":[{"name":"wp","href":"https:\/\/api.w.org\/{rel}","templated":true}]}}