{"id":11041,"date":"2025-04-14T12:47:11","date_gmt":"2025-04-14T12:47:11","guid":{"rendered":"https:\/\/generationsrecruitment.com\/?page_id=11041"},"modified":"2025-04-14T12:57:36","modified_gmt":"2025-04-14T12:57:36","slug":"politique-de-cookies","status":"publish","type":"page","link":"https:\/\/generationsrecruitment.com\/fr\/politique-de-cookies\/","title":{"rendered":"Politique de cookies"},"content":{"rendered":"<p>[et_pb_section fb_built=&#8221;1&#8243; module_id=&#8221;contact&#8221; _builder_version=&#8221;4.16&#8243; background_color=&#8221;#fcfcfc&#8221; custom_padding=&#8221;||0px|||&#8221; global_colors_info=&#8221;{}&#8221;][et_pb_row _builder_version=&#8221;4.16&#8243; global_colors_info=&#8221;{}&#8221;][et_pb_column type=&#8221;4_4&#8243; _builder_version=&#8221;4.16&#8243; custom_padding=&#8221;|||&#8221; global_colors_info=&#8221;{}&#8221; custom_padding__hover=&#8221;|||&#8221;][et_pb_text _builder_version=&#8221;4.27.0&#8243; text_font=&#8221;||||||||&#8221; header_font=&#8221;||||||||&#8221; header_2_font=&#8221;||||||||&#8221; header_3_font=&#8221;Poppins|600|||||||&#8221; header_3_text_color=&#8221;#242A37&#8243; header_3_font_size=&#8221;39px&#8221; custom_margin=&#8221;||0px&#8221; hover_enabled=&#8221;0&#8243; global_colors_info=&#8221;{}&#8221; sticky_enabled=&#8221;0&#8243;]<\/p>\n<h3 style=\"text-align: center;\">Politique de cookies<\/h3>\n<p>[\/et_pb_text][et_pb_divider color=&#8221;#2B87DA&#8221; divider_position=&#8221;center&#8221; divider_weight=&#8221;4px&#8221; _builder_version=&#8221;4.16&#8243; width=&#8221;4%&#8221; module_alignment=&#8221;center&#8221; global_colors_info=&#8221;{}&#8221;][\/et_pb_divider][\/et_pb_column][\/et_pb_row][et_pb_row _builder_version=&#8221;4.16&#8243; custom_padding=&#8221;0px|||||&#8221; global_colors_info=&#8221;{}&#8221;][et_pb_column type=&#8221;4_4&#8243; _builder_version=&#8221;4.16&#8243; global_colors_info=&#8221;{}&#8221;][et_pb_text _builder_version=&#8221;4.27.0&#8243; text_font=&#8221;Roboto|300|||||||&#8221; text_font_size=&#8221;17px&#8221; header_line_height=&#8221;1.1em&#8221; header_4_font=&#8221;Poppins|600|||||||&#8221; header_4_line_height=&#8221;1.4em&#8221; custom_margin=&#8221;23px|||||&#8221; custom_padding=&#8221;||1px|||&#8221; hover_enabled=&#8221;0&#8243; global_colors_info=&#8221;{}&#8221; sticky_enabled=&#8221;0&#8243;]<\/p>\n<h3>A propos des cookies<\/h3>\n<p>Ce site web utilise des cookies. En utilisant ce site web et en acceptant cette politique, vous consentez \u00e0 ce que Generations Recruitment utilise des cookies conform\u00e9ment aux termes de cette politique.<\/p>\n<p>Les cookies sont des fichiers envoy\u00e9s par les serveurs web aux navigateurs web et stock\u00e9s par ces derniers.<\/p>\n<p>Les informations sont ensuite renvoy\u00e9es au serveur chaque fois que le navigateur demande une page au serveur. Cela permet \u00e0 un serveur web d&#8217;identifier et de suivre les navigateurs web.<\/p>\n<p>Il existe deux principaux types de cookies : les cookies de session et les cookies persistants. Les cookies de session sont supprim\u00e9s de votre ordinateur lorsque vous fermez votre navigateur, tandis que les cookies persistants restent stock\u00e9s sur votre ordinateur jusqu&#8217;\u00e0 ce qu&#8217;ils soient supprim\u00e9s ou qu&#8217;ils atteignent leur date d&#8217;expiration.<\/p>\n<h3>Cookies sur notre site web<\/h3>\n<p>Generations Recruitment utilise les cookies suivants sur ce site web, aux fins suivantes :<\/p>\n<p>WP_ICL_current language &#8211; v\u00e9rifie la langue utilis\u00e9e par votre navigateur<br \/>WP-settings-time &#8211; v\u00e9rifier l&#8217;heure<br \/>WordPress &#8211; enregistrer les informations de connexion des utilisateurs autoris\u00e9s<\/p>\n<h3>Comment puis-je savoir quels cookies se trouvent sur mon ordinateur ?<\/h3>\n<p>Les cookies sont g\u00e9r\u00e9s par votre navigateur web, de sorte que la m\u00e9thode pour les visualiser varie en fonction du navigateur que vous utilisez. La m\u00e9thode de visualisation des cookies est indiqu\u00e9e ci-dessous.<\/p>\n<p><strong>Microsoft Internet Explorer 8.0 &#8211; 10.0<\/strong><br \/>S\u00e9lectionnez l&#8217;\u00e9l\u00e9ment de menu \u00ab Outils-&gt;Options Internet \u00bb, puis cliquez sur le bouton \u00ab Param\u00e8tres \u00bb sous l&#8217;onglet \u00ab G\u00e9n\u00e9ral \u00bb. Cliquez sur le bouton \u00ab Voir les fichiers \u00bb pour afficher une liste des fichiers Internet temporaires stock\u00e9s par Internet Explorer. Les cookies ont des noms qui commencent par \u00ab cookie : \u00bb &#8211; la colonne Adresse Internet vous indique le site web qui a cr\u00e9\u00e9 le cookie.<br \/>Remarque : l&#8217;option \u00ab Outils \u00bb est \u00e9galement accessible en cliquant sur l&#8217;ic\u00f4ne \u00ab roue dent\u00e9e \u00bb de la barre d&#8217;outils d&#8217;Internet Explorer.<\/p>\n<p><strong>Firefox 7.0 et versions plus r\u00e9centes<\/strong><br \/>S\u00e9lectionnez l&#8217;\u00e9l\u00e9ment de menu \u00ab Outils-&gt;Options \u00bb (peut-\u00eatre sous le bouton Firefox) et cliquez sur l&#8217;onglet \u00ab Vie priv\u00e9e \u00bb. Cliquez sur le lien \u00ab Supprimer les cookies individuels \u00bb, et vous obtiendrez une liste de tous les cookies stock\u00e9s par Firefox. Vous pouvez supprimer certains cookies si vous le souhaitez, ou cliquer sur \u00ab Supprimer tous les cookies \u00bb pour les supprimer tous, ou simplement parcourir la liste pour voir quels sites web ont stock\u00e9 des cookies sur votre ordinateur.<\/p>\n<p><strong>Google Chrome<\/strong><br \/>Choisissez \u00ab Param\u00e8tres \u00bb dans le menu \u00ab Configuration et contr\u00f4le \u00bb, puis cliquez sur \u00ab Afficher les param\u00e8tres avanc\u00e9s \u00bb en bas de l&#8217;\u00e9cran. Dans la section \u00ab Vie priv\u00e9e \u00bb, cliquez sur le bouton \u00ab Param\u00e8tres de contenu&#8230; \u00bb, puis sur le bouton \u00ab Tous les cookies et donn\u00e9es de site \u00bb. Une liste de tous les sites web qui ont stock\u00e9 des cookies sur votre ordinateur s&#8217;affiche. En s\u00e9lectionnant un site web, vous pouvez voir les cookies, et en s\u00e9lectionnant un cookie, vous pouvez voir les donn\u00e9es qu&#8217;il contient.<\/p>\n<p><strong>Apple Safari 5.1<\/strong><br \/>Choisissez \u00ab Pr\u00e9f\u00e9rences&#8230; \u00bb dans le menu \u00ab R\u00e9glages \u00bb ou \u00ab \u00c9dition \u00bb (Windows) ou dans le menu Safari (MacOS), puis ouvrez l&#8217;onglet \u00ab Confidentialit\u00e9 \u00bb et cliquez sur le bouton \u00ab D\u00e9tails&#8230; \u00bb. Une liste de tous les cookies stock\u00e9s sur votre ordinateur s&#8217;affiche. Vous pouvez supprimer des cookies individuels en les s\u00e9lectionnant et en cliquant sur \u00ab Supprimer \u00bb ou tous les supprimer en cliquant sur \u00ab Supprimer tout \u00bb.<\/p>\n<p><strong>Apple iOS 5 ou ult\u00e9rieur (iPhone, iPad)<\/strong><br \/>Depuis l&#8217;\u00e9cran d&#8217;accueil, appuyez sur l&#8217;ic\u00f4ne \u00ab R\u00e9glages \u00bb, puis choisissez \u00ab Safari \u00bb. Faites d\u00e9filer la page jusqu&#8217;en bas et appuyez sur \u00ab Avanc\u00e9 \u00bb. Appuyez sur \u00ab Donn\u00e9es du site web \u00bb pour voir la liste des cookies.<\/p>\n<p><strong>Android<\/strong><br \/>Android ne semble pas permettre aux utilisateurs de visualiser les cookies individuels. Vous pouvez supprimer tous les cookies ou les activer\/d\u00e9sactiver.<\/p>\n<p><strong>Windows Phone 7\/8<\/strong><br \/>Windows Phone ne semble pas permettre aux utilisateurs de visualiser les cookies individuels. Vous pouvez supprimer tous les cookies ou les activer\/d\u00e9sactiver.<\/p>\n<p>Remarque : si vous supprimez ou modifiez les cookies sur votre ordinateur, certains sites web peuvent vous demander de saisir \u00e0 nouveau les informations pr\u00e9c\u00e9demment stock\u00e9es dans leurs cookies.<\/p>\n<h3>Cookies Google<\/h3>\n<p>Generations Recruitment utilise Google Analytics pour analyser l&#8217;utilisation de ce site web. Google Analytics g\u00e9n\u00e8re des statistiques et d&#8217;autres informations sur l&#8217;utilisation du site web au moyen de cookies, qui sont stock\u00e9s sur les ordinateurs des utilisateurs. Les informations g\u00e9n\u00e9r\u00e9es concernant notre site web sont utilis\u00e9es pour cr\u00e9er des rapports sur l&#8217;utilisation du site web. Google stocke et utilise ces informations. La politique de confidentialit\u00e9 de Google est disponible \u00e0 l&#8217;adresse suivante : http:\/\/www.google.com\/privacypolicy.html.]<\/p>\n<p>Generations Recruitment publie sur ce site des publicit\u00e9s bas\u00e9es sur les int\u00e9r\u00eats Google Adsense. Ces annonces sont adapt\u00e9es par Google pour refl\u00e9ter vos int\u00e9r\u00eats. Pour d\u00e9terminer vos centres d&#8217;int\u00e9r\u00eat, Google suit votre comportement sur Internet \u00e0 l&#8217;aide de cookies. Vous pouvez consulter, supprimer ou ajouter des cat\u00e9gories d&#8217;int\u00e9r\u00eats associ\u00e9es \u00e0 votre navigateur en utilisant le gestionnaire de pr\u00e9f\u00e9rences publicitaires de Google, disponible \u00e0 l&#8217;adresse suivante : http:\/\/www.google.com\/ads\/preferences\/. Vous pouvez d\u00e9sactiver le cookie du r\u00e9seau de partenaires Adsense \u00e0 l&#8217;adresse suivante : http:\/\/www.google.com\/privacy_ads.html. Toutefois, ce m\u00e9canisme de d\u00e9sactivation utilise un cookie et si vous effacez les cookies de votre navigateur, votre d\u00e9sactivation ne sera pas maintenue. Pour vous assurer que la d\u00e9sactivation est maintenue pour un navigateur particulier, vous devez utiliser le plug-in de navigateur Google disponible \u00e0 l&#8217;adresse suivante : http:\/\/www.google.com\/ads\/preferences\/plugin].<\/p>\n<h3>[Autres] cookies de tiers<\/h3>\n<p>Lorsque vous utilisez ce site web, vous pouvez \u00e9galement recevoir les cookies de tiers suivants, qui peuvent \u00eatre utilis\u00e9s aux fins suivantes :<\/p>\n<p>WPML &#8211; identification de la langue<br \/>Campaign Monitor &#8211; v\u00e9rification de l&#8217;adresse IP<br \/>AddThis &#8211; atuvc &#8211; Fonctionnalit\u00e9<\/p>\n<h3>Refuser les cookies<\/h3>\n<p>La plupart des navigateurs vous permettent de refuser les cookies.<\/p>\n<p>Dans Internet Explorer, vous pouvez refuser tous les cookies en cliquant sur \u00ab Outils \u00bb, \u00ab Options Internet \u00bb, \u00ab Confidentialit\u00e9 \u00bb, et en s\u00e9lectionnant \u00ab Bloquer tous les cookies \u00bb \u00e0 l&#8217;aide du s\u00e9lecteur coulissant.<\/p>\n<p>Dans Firefox, vous pouvez ajuster vos param\u00e8tres de cookies en cliquant sur \u00ab Outils \u00bb, \u00ab Options \u00bb et \u00ab Vie priv\u00e9e \u00bb.<\/p>\n<p>Le blocage des cookies aura un impact n\u00e9gatif sur la facilit\u00e9 d&#8217;utilisation de certains sites web.<\/p>\n<p>[\/et_pb_text][\/et_pb_column][\/et_pb_row][\/et_pb_section]<\/p>\n","protected":false},"excerpt":{"rendered":"<p>Politique de cookiesA propos des cookies Ce site web utilise des cookies. En utilisant ce site web et en acceptant cette politique, vous consentez \u00e0 ce que Generations Recruitment utilise des cookies conform\u00e9ment aux termes de cette politique. Les cookies sont des fichiers envoy\u00e9s par les serveurs web aux navigateurs web et stock\u00e9s par ces derniers. Les informations sont ensuite renvoy\u00e9es au serveur chaque fois que le navigateur demande une page au serveur. Cela permet \u00e0 un serveur web d&#8217;identifier et de suivre les navigateurs web. Il existe deux principaux types de cookies : les cookies de session et les cookies persistants. Les cookies de session sont supprim\u00e9s de votre ordinateur lorsque vous fermez votre navigateur, tandis que les cookies persistants restent stock\u00e9s sur votre ordinateur jusqu&#8217;\u00e0 ce qu&#8217;ils soient supprim\u00e9s ou qu&#8217;ils atteignent leur date d&#8217;expiration. Cookies sur notre site web Generations Recruitment utilise les cookies suivants sur ce site web, aux fins suivantes : WP_ICL_current language &#8211; v\u00e9rifie la langue utilis\u00e9e par votre navigateurWP-settings-time &#8211; v\u00e9rifier l&#8217;heureWordPress &#8211; enregistrer les informations de connexion des utilisateurs autoris\u00e9s Comment puis-je savoir quels cookies se trouvent sur mon ordinateur ? Les cookies sont g\u00e9r\u00e9s par votre navigateur web, de sorte que [&hellip;]<\/p>\n","protected":false},"author":1,"featured_media":0,"parent":0,"menu_order":7,"comment_status":"closed","ping_status":"closed","template":"","meta":{"_et_pb_use_builder":"on","_et_pb_old_content":"","_et_gb_content_width":"","footnotes":""},"class_list":["post-11041","page","type-page","status-publish","hentry"],"_links":{"self":[{"href":"https:\/\/generationsrecruitment.com\/fr\/wp-json\/wp\/v2\/pages\/11041","targetHints":{"allow":["GET"]}}],"collection":[{"href":"https:\/\/generationsrecruitment.com\/fr\/wp-json\/wp\/v2\/pages"}],"about":[{"href":"https:\/\/generationsrecruitment.com\/fr\/wp-json\/wp\/v2\/types\/page"}],"author":[{"embeddable":true,"href":"https:\/\/generationsrecruitment.com\/fr\/wp-json\/wp\/v2\/users\/1"}],"replies":[{"embeddable":true,"href":"https:\/\/generationsrecruitment.com\/fr\/wp-json\/wp\/v2\/comments?post=11041"}],"version-history":[{"count":3,"href":"https:\/\/generationsrecruitment.com\/fr\/wp-json\/wp\/v2\/pages\/11041\/revisions"}],"predecessor-version":[{"id":11047,"href":"https:\/\/generationsrecruitment.com\/fr\/wp-json\/wp\/v2\/pages\/11041\/revisions\/11047"}],"wp:attachment":[{"href":"https:\/\/generationsrecruitment.com\/fr\/wp-json\/wp\/v2\/media?parent=11041"}],"curies":[{"name":"wp","href":"https:\/\/api.w.org\/{rel}","templated":true}]}}